{"id":1811,"date":"2022-12-13T04:41:41","date_gmt":"2022-12-13T03:41:41","guid":{"rendered":"https:\/\/autopartnermi.sk\/?page_id=1811"},"modified":"2026-03-02T15:59:40","modified_gmt":"2026-03-02T14:59:40","slug":"about","status":"publish","type":"page","link":"https:\/\/autopartnermi.sk\/?page_id=1811","title":{"rendered":"Gal\u00e9ria"},"content":{"rendered":"\n<div class=\"wp-block-uagb-container uag-blocks-common-selector uagb-block-816806ca alignfull uagb-is-root-container\"><div class=\"uagb-container-inner-blocks-wrap\">\n<div class=\"wp-block-uagb-container uagb-block-0c1b6eb4\">\n<div class=\"wp-block-uagb-advanced-heading uagb-block-a07ad904\"><h6 class=\"uagb-heading-text\">Autopartner Michalovce<\/h6><\/div>\n\n\n\n<div class=\"wp-block-uagb-info-box uagb-block-fbc3130d uagb-infobox__content-wrap  uagb-infobox-icon-above-title uagb-infobox-image-valign-top\"><div class=\"uagb-ifb-content\"><div class=\"uagb-ifb-title-wrap\"><h1 class=\"uagb-ifb-title\">Osadenstvo a gal\u00e9ria firmy\u200b<\/h1><\/div><div class=\"uagb-ifb-separator\"><\/div><p class=\"uagb-ifb-desc\">Na\u0161a spolo\u010dnos\u0165 je na Slovenskom trhu u\u017e nieko\u013eko rokov. Pon\u00fakame kvalitu za optim\u00e1lne ceny. Sme kolekt\u00edv \u0161pi\u010dkov\u00fdch odborn\u00edkov, ktor\u00fd v\u00e1m zabezpe\u010dia opravu auta na najvy\u0161\u0161ej \u00farovni. Pozrite si gal\u00e9riu ako to u n\u00e1s vyzer\u00e1. Budeme radi ak n\u00e1s nav\u0161t\u00edvite aj osobne.<\/p><\/div><\/div>\n<\/div>\n<\/div><\/div>\n\n\n\n<div class=\"wp-block-uagb-container uag-blocks-common-selector uagb-block-e68fea7e alignfull uagb-is-root-container\"><div class=\"uagb-container-inner-blocks-wrap\">\n<div class=\"wp-block-uagb-container uagb-block-f5ffa922\">\n<div class=\"wp-block-uagb-container uagb-block-1e85eabc\">\n<div class=\"wp-block-uagb-info-box uagb-block-69ab7006 uagb-infobox__content-wrap  uagb-infobox-icon-above-title uagb-infobox-image-valign-top\"><div class=\"uagb-ifb-content\"><div class=\"uagb-ifb-icon-wrap\"><div class=\"uagb-iconbox-icon-wrap uagb-infobox-shape-circle\"><svg xmlns=\"https:\/\/www.w3.org\/2000\/svg\" viewBox=\"0 0 576 512\"><path d=\"M96 0C107.5 0 117.4 8.19 119.6 19.51L121.1 32H541.8C562.1 32 578.3 52.25 572.6 72.66L518.6 264.7C514.7 278.5 502.1 288 487.8 288H170.7L179.9 336H488C501.3 336 512 346.7 512 360C512 373.3 501.3 384 488 384H159.1C148.5 384 138.6 375.8 136.4 364.5L76.14 48H24C10.75 48 0 37.25 0 24C0 10.75 10.75 0 24 0H96zM128 464C128 437.5 149.5 416 176 416C202.5 416 224 437.5 224 464C224 490.5 202.5 512 176 512C149.5 512 128 490.5 128 464zM512 464C512 490.5 490.5 512 464 512C437.5 512 416 490.5 416 464C416 437.5 437.5 416 464 416C490.5 416 512 437.5 512 464z\"><\/path><\/svg><\/div><\/div><div class=\"uagb-ifb-title-wrap\"><h5 class=\"uagb-ifb-title\">PREDAJ\u0147A<\/h5><\/div><p class=\"uagb-ifb-desc\">Po-Pi: 08:00-17:00<br>So: 08:00-12:00<br>Ne: ZATVOREN\u00c9<\/p><\/div><\/div>\n<\/div>\n\n\n\n<div class=\"wp-block-uagb-container uagb-block-43cbb7d5\">\n<div class=\"wp-block-uagb-info-box uagb-block-418971fb uagb-infobox__content-wrap  uagb-infobox-icon-above-title uagb-infobox-image-valign-top\"><div class=\"uagb-ifb-content\"><div class=\"uagb-ifb-icon-wrap\"><div class=\"uagb-iconbox-icon-wrap uagb-infobox-shape-circle\"><svg xmlns=\"https:\/\/www.w3.org\/2000\/svg\" viewBox=\"0 0 512 512\"><path d=\"M39.61 196.8L74.8 96.29C88.27 57.78 124.6 32 165.4 32H346.6C387.4 32 423.7 57.78 437.2 96.29L472.4 196.8C495.6 206.4 512 229.3 512 256V448C512 465.7 497.7 480 480 480H448C430.3 480 416 465.7 416 448V400H96V448C96 465.7 81.67 480 64 480H32C14.33 480 0 465.7 0 448V256C0 229.3 16.36 206.4 39.61 196.8V196.8zM109.1 192H402.9L376.8 117.4C372.3 104.6 360.2 96 346.6 96H165.4C151.8 96 139.7 104.6 135.2 117.4L109.1 192zM96 256C78.33 256 64 270.3 64 288C64 305.7 78.33 320 96 320C113.7 320 128 305.7 128 288C128 270.3 113.7 256 96 256zM416 320C433.7 320 448 305.7 448 288C448 270.3 433.7 256 416 256C398.3 256 384 270.3 384 288C384 305.7 398.3 320 416 320z\"><\/path><\/svg><\/div><\/div><div class=\"uagb-ifb-title-wrap\"><h5 class=\"uagb-ifb-title\">LAKOV\u0147A A AUTOSERVIS<\/h5><\/div><p class=\"uagb-ifb-desc\">Po-Pi: 08:00-12:00 a 13:00-17:00<br>So: 08:00-12:00<br>Ne: ZATVOREN\u00c9<\/p><\/div><\/div>\n<\/div>\n\n\n\n<div class=\"wp-block-uagb-container uagb-block-930bb9aa\">\n<div class=\"wp-block-uagb-info-box uagb-block-8bb4073c uagb-infobox__content-wrap  uagb-infobox-icon-above-title uagb-infobox-image-valign-top\"><div class=\"uagb-ifb-content\"><div class=\"uagb-ifb-icon-wrap\"><div class=\"uagb-iconbox-icon-wrap uagb-infobox-shape-circle\"><svg xmlns=\"https:\/\/www.w3.org\/2000\/svg\" viewBox=\"0 0 512 512\"><path d=\"M511.2 387l-23.25 100.8c-3.266 14.25-15.79 24.22-30.46 24.22C205.2 512 0 306.8 0 54.5c0-14.66 9.969-27.2 24.22-30.45l100.8-23.25C139.7-2.602 154.7 5.018 160.8 18.92l46.52 108.5c5.438 12.78 1.77 27.67-8.98 36.45L144.5 207.1c33.98 69.22 90.26 125.5 159.5 159.5l44.08-53.8c8.688-10.78 23.69-14.51 36.47-8.975l108.5 46.51C506.1 357.2 514.6 372.4 511.2 387z\"><\/path><\/svg><\/div><\/div><div class=\"uagb-ifb-title-wrap\"><h5 class=\"uagb-ifb-title\">KONTAKT<\/h5><\/div><p class=\"uagb-ifb-desc\">Predaj\u0148a: +421 915 933 496<br>Autoservis: +421 907 835 496<br>Lakov\u0148a: +421 918 321 070<\/p><\/div><\/div>\n<\/div>\n<\/div>\n<\/div><\/div>\n\n\n\n<figure class=\"wp-block-gallery has-nested-images columns-3 has-ast-global-color-5-background-color has-background wp-block-gallery-1 is-layout-flex wp-block-gallery-is-layout-flex\">\n<figure class=\"wp-block-image size-large\"><img loading=\"lazy\" decoding=\"async\" width=\"1024\" height=\"577\" data-id=\"3005\" src=\"https:\/\/autopartnermi.sk\/wp-content\/uploads\/2023\/08\/20230522_121339-1024x577.jpg\" alt=\"\" class=\"wp-image-3005\" srcset=\"https:\/\/autopartnermi.sk\/wp-content\/uploads\/2023\/08\/20230522_121339-1024x577.jpg 1024w, https:\/\/autopartnermi.sk\/wp-content\/uploads\/2023\/08\/20230522_121339-300x169.jpg 300w, https:\/\/autopartnermi.sk\/wp-content\/uploads\/2023\/08\/20230522_121339-768x432.jpg 768w, https:\/\/autopartnermi.sk\/wp-content\/uploads\/2023\/08\/20230522_121339-1536x865.jpg 1536w, https:\/\/autopartnermi.sk\/wp-content\/uploads\/2023\/08\/20230522_121339-2048x1153.jpg 2048w\" sizes=\"auto, (max-width: 1024px) 100vw, 1024px\" \/><\/figure>\n\n\n\n<figure class=\"wp-block-image size-large\"><img loading=\"lazy\" decoding=\"async\" width=\"1024\" height=\"577\" data-id=\"3002\" src=\"https:\/\/autopartnermi.sk\/wp-content\/uploads\/2023\/08\/20230522_121350-1024x577.jpg\" alt=\"\" class=\"wp-image-3002\" srcset=\"https:\/\/autopartnermi.sk\/wp-content\/uploads\/2023\/08\/20230522_121350-1024x577.jpg 1024w, https:\/\/autopartnermi.sk\/wp-content\/uploads\/2023\/08\/20230522_121350-300x169.jpg 300w, https:\/\/autopartnermi.sk\/wp-content\/uploads\/2023\/08\/20230522_121350-768x432.jpg 768w, https:\/\/autopartnermi.sk\/wp-content\/uploads\/2023\/08\/20230522_121350-1536x865.jpg 1536w, https:\/\/autopartnermi.sk\/wp-content\/uploads\/2023\/08\/20230522_121350-2048x1153.jpg 2048w\" sizes=\"auto, (max-width: 1024px) 100vw, 1024px\" \/><\/figure>\n\n\n\n<figure class=\"wp-block-image size-large\"><img loading=\"lazy\" decoding=\"async\" width=\"1024\" height=\"577\" data-id=\"3000\" src=\"https:\/\/autopartnermi.sk\/wp-content\/uploads\/2023\/08\/20230522_121355-1024x577.jpg\" alt=\"\" class=\"wp-image-3000\" srcset=\"https:\/\/autopartnermi.sk\/wp-content\/uploads\/2023\/08\/20230522_121355-1024x577.jpg 1024w, https:\/\/autopartnermi.sk\/wp-content\/uploads\/2023\/08\/20230522_121355-300x169.jpg 300w, https:\/\/autopartnermi.sk\/wp-content\/uploads\/2023\/08\/20230522_121355-768x432.jpg 768w, https:\/\/autopartnermi.sk\/wp-content\/uploads\/2023\/08\/20230522_121355-1536x865.jpg 1536w, https:\/\/autopartnermi.sk\/wp-content\/uploads\/2023\/08\/20230522_121355-2048x1153.jpg 2048w\" sizes=\"auto, (max-width: 1024px) 100vw, 1024px\" \/><\/figure>\n\n\n\n<figure class=\"wp-block-image size-large\"><img loading=\"lazy\" decoding=\"async\" width=\"1024\" height=\"577\" data-id=\"3003\" src=\"https:\/\/autopartnermi.sk\/wp-content\/uploads\/2023\/08\/20230522_121426-1024x577.jpg\" alt=\"\" class=\"wp-image-3003\" srcset=\"https:\/\/autopartnermi.sk\/wp-content\/uploads\/2023\/08\/20230522_121426-1024x577.jpg 1024w, https:\/\/autopartnermi.sk\/wp-content\/uploads\/2023\/08\/20230522_121426-300x169.jpg 300w, https:\/\/autopartnermi.sk\/wp-content\/uploads\/2023\/08\/20230522_121426-768x432.jpg 768w, https:\/\/autopartnermi.sk\/wp-content\/uploads\/2023\/08\/20230522_121426-1536x865.jpg 1536w, https:\/\/autopartnermi.sk\/wp-content\/uploads\/2023\/08\/20230522_121426-2048x1153.jpg 2048w\" sizes=\"auto, (max-width: 1024px) 100vw, 1024px\" \/><\/figure>\n\n\n\n<figure class=\"wp-block-image size-large\"><img loading=\"lazy\" decoding=\"async\" width=\"1024\" height=\"577\" data-id=\"3012\" src=\"https:\/\/autopartnermi.sk\/wp-content\/uploads\/2023\/08\/20230522_121435-1024x577.jpg\" alt=\"\" class=\"wp-image-3012\" srcset=\"https:\/\/autopartnermi.sk\/wp-content\/uploads\/2023\/08\/20230522_121435-1024x577.jpg 1024w, https:\/\/autopartnermi.sk\/wp-content\/uploads\/2023\/08\/20230522_121435-300x169.jpg 300w, https:\/\/autopartnermi.sk\/wp-content\/uploads\/2023\/08\/20230522_121435-768x432.jpg 768w, https:\/\/autopartnermi.sk\/wp-content\/uploads\/2023\/08\/20230522_121435-1536x865.jpg 1536w, https:\/\/autopartnermi.sk\/wp-content\/uploads\/2023\/08\/20230522_121435-2048x1153.jpg 2048w\" sizes=\"auto, (max-width: 1024px) 100vw, 1024px\" \/><\/figure>\n\n\n\n<figure class=\"wp-block-image size-large\"><img loading=\"lazy\" decoding=\"async\" width=\"1024\" height=\"577\" data-id=\"3007\" src=\"https:\/\/autopartnermi.sk\/wp-content\/uploads\/2023\/08\/20230522_121525-1024x577.jpg\" alt=\"\" class=\"wp-image-3007\" srcset=\"https:\/\/autopartnermi.sk\/wp-content\/uploads\/2023\/08\/20230522_121525-1024x577.jpg 1024w, https:\/\/autopartnermi.sk\/wp-content\/uploads\/2023\/08\/20230522_121525-300x169.jpg 300w, https:\/\/autopartnermi.sk\/wp-content\/uploads\/2023\/08\/20230522_121525-768x432.jpg 768w, https:\/\/autopartnermi.sk\/wp-content\/uploads\/2023\/08\/20230522_121525-1536x865.jpg 1536w, https:\/\/autopartnermi.sk\/wp-content\/uploads\/2023\/08\/20230522_121525-2048x1153.jpg 2048w\" sizes=\"auto, (max-width: 1024px) 100vw, 1024px\" \/><\/figure>\n\n\n\n<figure class=\"wp-block-image size-large\"><img loading=\"lazy\" decoding=\"async\" width=\"1024\" height=\"577\" data-id=\"3010\" src=\"https:\/\/autopartnermi.sk\/wp-content\/uploads\/2023\/08\/20230522_121626-1024x577.jpg\" alt=\"\" class=\"wp-image-3010\" srcset=\"https:\/\/autopartnermi.sk\/wp-content\/uploads\/2023\/08\/20230522_121626-1024x577.jpg 1024w, https:\/\/autopartnermi.sk\/wp-content\/uploads\/2023\/08\/20230522_121626-300x169.jpg 300w, https:\/\/autopartnermi.sk\/wp-content\/uploads\/2023\/08\/20230522_121626-768x432.jpg 768w, https:\/\/autopartnermi.sk\/wp-content\/uploads\/2023\/08\/20230522_121626-1536x865.jpg 1536w, https:\/\/autopartnermi.sk\/wp-content\/uploads\/2023\/08\/20230522_121626-2048x1153.jpg 2048w\" sizes=\"auto, (max-width: 1024px) 100vw, 1024px\" \/><\/figure>\n\n\n\n<figure class=\"wp-block-image size-large\"><img loading=\"lazy\" decoding=\"async\" width=\"1024\" height=\"577\" data-id=\"3009\" src=\"https:\/\/autopartnermi.sk\/wp-content\/uploads\/2023\/08\/20230522_121640-1024x577.jpg\" alt=\"\" class=\"wp-image-3009\" srcset=\"https:\/\/autopartnermi.sk\/wp-content\/uploads\/2023\/08\/20230522_121640-1024x577.jpg 1024w, https:\/\/autopartnermi.sk\/wp-content\/uploads\/2023\/08\/20230522_121640-300x169.jpg 300w, https:\/\/autopartnermi.sk\/wp-content\/uploads\/2023\/08\/20230522_121640-768x432.jpg 768w, https:\/\/autopartnermi.sk\/wp-content\/uploads\/2023\/08\/20230522_121640-1536x865.jpg 1536w, https:\/\/autopartnermi.sk\/wp-content\/uploads\/2023\/08\/20230522_121640-2048x1153.jpg 2048w\" sizes=\"auto, (max-width: 1024px) 100vw, 1024px\" \/><\/figure>\n\n\n\n<figure class=\"wp-block-image size-large\"><img loading=\"lazy\" decoding=\"async\" width=\"1024\" height=\"577\" data-id=\"3001\" src=\"https:\/\/autopartnermi.sk\/wp-content\/uploads\/2023\/08\/20230809_143332-1-1024x577.jpg\" alt=\"\" class=\"wp-image-3001\" srcset=\"https:\/\/autopartnermi.sk\/wp-content\/uploads\/2023\/08\/20230809_143332-1-1024x577.jpg 1024w, https:\/\/autopartnermi.sk\/wp-content\/uploads\/2023\/08\/20230809_143332-1-300x169.jpg 300w, https:\/\/autopartnermi.sk\/wp-content\/uploads\/2023\/08\/20230809_143332-1-768x432.jpg 768w, https:\/\/autopartnermi.sk\/wp-content\/uploads\/2023\/08\/20230809_143332-1-1536x865.jpg 1536w, https:\/\/autopartnermi.sk\/wp-content\/uploads\/2023\/08\/20230809_143332-1-2048x1153.jpg 2048w\" sizes=\"auto, (max-width: 1024px) 100vw, 1024px\" \/><\/figure>\n\n\n\n<figure class=\"wp-block-image size-large\"><img loading=\"lazy\" decoding=\"async\" width=\"1024\" height=\"577\" data-id=\"3013\" src=\"https:\/\/autopartnermi.sk\/wp-content\/uploads\/2023\/08\/20230810_084902-1-1024x577.jpg\" alt=\"\" class=\"wp-image-3013\" srcset=\"https:\/\/autopartnermi.sk\/wp-content\/uploads\/2023\/08\/20230810_084902-1-1024x577.jpg 1024w, https:\/\/autopartnermi.sk\/wp-content\/uploads\/2023\/08\/20230810_084902-1-300x169.jpg 300w, https:\/\/autopartnermi.sk\/wp-content\/uploads\/2023\/08\/20230810_084902-1-768x432.jpg 768w, https:\/\/autopartnermi.sk\/wp-content\/uploads\/2023\/08\/20230810_084902-1-1536x865.jpg 1536w, https:\/\/autopartnermi.sk\/wp-content\/uploads\/2023\/08\/20230810_084902-1-2048x1153.jpg 2048w\" sizes=\"auto, (max-width: 1024px) 100vw, 1024px\" \/><\/figure>\n\n\n\n<figure class=\"wp-block-image size-large\"><img loading=\"lazy\" decoding=\"async\" width=\"1024\" height=\"577\" data-id=\"3006\" src=\"https:\/\/autopartnermi.sk\/wp-content\/uploads\/2023\/08\/20230810_084932-1-1024x577.jpg\" alt=\"\" class=\"wp-image-3006\" srcset=\"https:\/\/autopartnermi.sk\/wp-content\/uploads\/2023\/08\/20230810_084932-1-1024x577.jpg 1024w, https:\/\/autopartnermi.sk\/wp-content\/uploads\/2023\/08\/20230810_084932-1-300x169.jpg 300w, https:\/\/autopartnermi.sk\/wp-content\/uploads\/2023\/08\/20230810_084932-1-768x432.jpg 768w, https:\/\/autopartnermi.sk\/wp-content\/uploads\/2023\/08\/20230810_084932-1-1536x865.jpg 1536w, https:\/\/autopartnermi.sk\/wp-content\/uploads\/2023\/08\/20230810_084932-1-2048x1153.jpg 2048w\" sizes=\"auto, (max-width: 1024px) 100vw, 1024px\" \/><\/figure>\n\n\n\n<figure class=\"wp-block-image size-large\"><img loading=\"lazy\" decoding=\"async\" width=\"1024\" height=\"577\" data-id=\"3011\" src=\"https:\/\/autopartnermi.sk\/wp-content\/uploads\/2023\/08\/20230810_084954-1-1024x577.jpg\" alt=\"\" class=\"wp-image-3011\" srcset=\"https:\/\/autopartnermi.sk\/wp-content\/uploads\/2023\/08\/20230810_084954-1-1024x577.jpg 1024w, https:\/\/autopartnermi.sk\/wp-content\/uploads\/2023\/08\/20230810_084954-1-300x169.jpg 300w, https:\/\/autopartnermi.sk\/wp-content\/uploads\/2023\/08\/20230810_084954-1-768x432.jpg 768w, https:\/\/autopartnermi.sk\/wp-content\/uploads\/2023\/08\/20230810_084954-1-1536x865.jpg 1536w, https:\/\/autopartnermi.sk\/wp-content\/uploads\/2023\/08\/20230810_084954-1-2048x1153.jpg 2048w\" sizes=\"auto, (max-width: 1024px) 100vw, 1024px\" \/><\/figure>\n\n\n\n<figure class=\"wp-block-image size-large\"><img loading=\"lazy\" decoding=\"async\" width=\"1024\" height=\"577\" data-id=\"3008\" src=\"https:\/\/autopartnermi.sk\/wp-content\/uploads\/2023\/08\/20230810_085140-1-1024x577.jpg\" alt=\"\" class=\"wp-image-3008\" srcset=\"https:\/\/autopartnermi.sk\/wp-content\/uploads\/2023\/08\/20230810_085140-1-1024x577.jpg 1024w, https:\/\/autopartnermi.sk\/wp-content\/uploads\/2023\/08\/20230810_085140-1-300x169.jpg 300w, https:\/\/autopartnermi.sk\/wp-content\/uploads\/2023\/08\/20230810_085140-1-768x432.jpg 768w, https:\/\/autopartnermi.sk\/wp-content\/uploads\/2023\/08\/20230810_085140-1-1536x865.jpg 1536w, https:\/\/autopartnermi.sk\/wp-content\/uploads\/2023\/08\/20230810_085140-1-2048x1153.jpg 2048w\" sizes=\"auto, (max-width: 1024px) 100vw, 1024px\" \/><\/figure>\n\n\n\n<figure class=\"wp-block-image size-large\"><img loading=\"lazy\" decoding=\"async\" width=\"1024\" height=\"461\" data-id=\"2988\" src=\"https:\/\/autopartnermi.sk\/wp-content\/uploads\/2023\/08\/IMG-3b12d33befd68da983056fbc2f4b502f-V-1-1024x461.jpg\" alt=\"\" class=\"wp-image-2988\" srcset=\"https:\/\/autopartnermi.sk\/wp-content\/uploads\/2023\/08\/IMG-3b12d33befd68da983056fbc2f4b502f-V-1-1024x461.jpg 1024w, https:\/\/autopartnermi.sk\/wp-content\/uploads\/2023\/08\/IMG-3b12d33befd68da983056fbc2f4b502f-V-1-300x135.jpg 300w, https:\/\/autopartnermi.sk\/wp-content\/uploads\/2023\/08\/IMG-3b12d33befd68da983056fbc2f4b502f-V-1-768x346.jpg 768w, https:\/\/autopartnermi.sk\/wp-content\/uploads\/2023\/08\/IMG-3b12d33befd68da983056fbc2f4b502f-V-1-1536x692.jpg 1536w, https:\/\/autopartnermi.sk\/wp-content\/uploads\/2023\/08\/IMG-3b12d33befd68da983056fbc2f4b502f-V-1.jpg 1600w\" sizes=\"auto, (max-width: 1024px) 100vw, 1024px\" \/><\/figure>\n\n\n\n<figure class=\"wp-block-image size-large\"><img loading=\"lazy\" decoding=\"async\" width=\"1024\" height=\"461\" data-id=\"2994\" src=\"https:\/\/autopartnermi.sk\/wp-content\/uploads\/2023\/08\/IMG-8a7f39ff402a5698fc39ab00659245db-V-1-1024x461.jpg\" alt=\"Autodiely MICHALOVCE\" class=\"wp-image-2994\" srcset=\"https:\/\/autopartnermi.sk\/wp-content\/uploads\/2023\/08\/IMG-8a7f39ff402a5698fc39ab00659245db-V-1-1024x461.jpg 1024w, https:\/\/autopartnermi.sk\/wp-content\/uploads\/2023\/08\/IMG-8a7f39ff402a5698fc39ab00659245db-V-1-300x135.jpg 300w, https:\/\/autopartnermi.sk\/wp-content\/uploads\/2023\/08\/IMG-8a7f39ff402a5698fc39ab00659245db-V-1-768x345.jpg 768w, https:\/\/autopartnermi.sk\/wp-content\/uploads\/2023\/08\/IMG-8a7f39ff402a5698fc39ab00659245db-V-1-1536x691.jpg 1536w, https:\/\/autopartnermi.sk\/wp-content\/uploads\/2023\/08\/IMG-8a7f39ff402a5698fc39ab00659245db-V-1.jpg 1601w\" sizes=\"auto, (max-width: 1024px) 100vw, 1024px\" \/><\/figure>\n\n\n\n<figure class=\"wp-block-image size-large\"><img loading=\"lazy\" decoding=\"async\" width=\"1024\" height=\"461\" data-id=\"2993\" src=\"https:\/\/autopartnermi.sk\/wp-content\/uploads\/2023\/08\/IMG-8e51f8a1b0ea7612bd7f729e4fd735c4-V-1024x461.jpg\" alt=\"\" class=\"wp-image-2993\" srcset=\"https:\/\/autopartnermi.sk\/wp-content\/uploads\/2023\/08\/IMG-8e51f8a1b0ea7612bd7f729e4fd735c4-V-1024x461.jpg 1024w, https:\/\/autopartnermi.sk\/wp-content\/uploads\/2023\/08\/IMG-8e51f8a1b0ea7612bd7f729e4fd735c4-V-300x135.jpg 300w, https:\/\/autopartnermi.sk\/wp-content\/uploads\/2023\/08\/IMG-8e51f8a1b0ea7612bd7f729e4fd735c4-V-768x345.jpg 768w, https:\/\/autopartnermi.sk\/wp-content\/uploads\/2023\/08\/IMG-8e51f8a1b0ea7612bd7f729e4fd735c4-V-1536x691.jpg 1536w, https:\/\/autopartnermi.sk\/wp-content\/uploads\/2023\/08\/IMG-8e51f8a1b0ea7612bd7f729e4fd735c4-V.jpg 1601w\" sizes=\"auto, (max-width: 1024px) 100vw, 1024px\" \/><\/figure>\n\n\n\n<figure class=\"wp-block-image size-large\"><img loading=\"lazy\" decoding=\"async\" width=\"1024\" height=\"461\" data-id=\"2990\" src=\"https:\/\/autopartnermi.sk\/wp-content\/uploads\/2023\/08\/IMG-9a9bd2b3e4ac534eb0f56b95e5bd126f-V-1024x461.jpg\" alt=\"\" class=\"wp-image-2990\" srcset=\"https:\/\/autopartnermi.sk\/wp-content\/uploads\/2023\/08\/IMG-9a9bd2b3e4ac534eb0f56b95e5bd126f-V-1024x461.jpg 1024w, https:\/\/autopartnermi.sk\/wp-content\/uploads\/2023\/08\/IMG-9a9bd2b3e4ac534eb0f56b95e5bd126f-V-300x135.jpg 300w, https:\/\/autopartnermi.sk\/wp-content\/uploads\/2023\/08\/IMG-9a9bd2b3e4ac534eb0f56b95e5bd126f-V-768x346.jpg 768w, https:\/\/autopartnermi.sk\/wp-content\/uploads\/2023\/08\/IMG-9a9bd2b3e4ac534eb0f56b95e5bd126f-V-1536x692.jpg 1536w, https:\/\/autopartnermi.sk\/wp-content\/uploads\/2023\/08\/IMG-9a9bd2b3e4ac534eb0f56b95e5bd126f-V.jpg 1600w\" sizes=\"auto, (max-width: 1024px) 100vw, 1024px\" \/><\/figure>\n\n\n\n<figure class=\"wp-block-image size-large\"><img loading=\"lazy\" decoding=\"async\" width=\"1024\" height=\"461\" data-id=\"2991\" src=\"https:\/\/autopartnermi.sk\/wp-content\/uploads\/2023\/08\/IMG-6591052589173b089e8878a0899cb09b-V-1024x461.jpg\" alt=\"\" class=\"wp-image-2991\" srcset=\"https:\/\/autopartnermi.sk\/wp-content\/uploads\/2023\/08\/IMG-6591052589173b089e8878a0899cb09b-V-1024x461.jpg 1024w, https:\/\/autopartnermi.sk\/wp-content\/uploads\/2023\/08\/IMG-6591052589173b089e8878a0899cb09b-V-300x135.jpg 300w, https:\/\/autopartnermi.sk\/wp-content\/uploads\/2023\/08\/IMG-6591052589173b089e8878a0899cb09b-V-768x346.jpg 768w, https:\/\/autopartnermi.sk\/wp-content\/uploads\/2023\/08\/IMG-6591052589173b089e8878a0899cb09b-V-1536x692.jpg 1536w, https:\/\/autopartnermi.sk\/wp-content\/uploads\/2023\/08\/IMG-6591052589173b089e8878a0899cb09b-V.jpg 1600w\" sizes=\"auto, (max-width: 1024px) 100vw, 1024px\" \/><\/figure>\n\n\n\n<figure class=\"wp-block-image size-large\"><img loading=\"lazy\" decoding=\"async\" width=\"1024\" height=\"577\" data-id=\"3141\" src=\"https:\/\/autopartnermi.sk\/wp-content\/uploads\/2023\/09\/20230617_1909571-1024x577.jpg\" alt=\"\" class=\"wp-image-3141\" srcset=\"https:\/\/autopartnermi.sk\/wp-content\/uploads\/2023\/09\/20230617_1909571-1024x577.jpg 1024w, https:\/\/autopartnermi.sk\/wp-content\/uploads\/2023\/09\/20230617_1909571-300x169.jpg 300w, https:\/\/autopartnermi.sk\/wp-content\/uploads\/2023\/09\/20230617_1909571-768x432.jpg 768w, https:\/\/autopartnermi.sk\/wp-content\/uploads\/2023\/09\/20230617_1909571-1536x865.jpg 1536w, https:\/\/autopartnermi.sk\/wp-content\/uploads\/2023\/09\/20230617_1909571-2048x1153.jpg 2048w\" sizes=\"auto, (max-width: 1024px) 100vw, 1024px\" \/><\/figure>\n<\/figure>\n\n\n\n<div class=\"wp-block-uagb-container uagb-block-fc958934 alignfull uagb-is-root-container\"><div class=\"uagb-container-inner-blocks-wrap\">\n<div class=\"wp-block-uagb-container uagb-block-e2a5e5e0\">\n<div class=\"wp-block-uagb-advanced-heading uagb-block-055cc88b\"><h6 class=\"uagb-heading-text\">ADRESA<\/h6><\/div>\n\n\n\n<div class=\"wp-block-uagb-advanced-heading uagb-block-b16b95ed\"><h2 class=\"uagb-heading-text\">\u0160portov\u00e1 23A, 071 01 Michalovce-Str\u00e1\u0148any<\/h2><div class=\"uagb-separator\"><\/div><\/div>\n\n\n\n<div class=\"wp-block-uagb-advanced-heading uagb-block-db47747f\"><h6 class=\"uagb-heading-text\">NAV\u0160T\u00cdVTE N\u00c1S<\/h6><\/div>\n<\/div>\n<\/div><\/div>\n","protected":false},"excerpt":{"rendered":"<p>Autopartner Michalovce ADRESA \u0160portov\u00e1 23A, 071 01 Michalovce-Str\u00e1\u0148any NAV\u0160T\u00cdVTE N\u00c1S<\/p>\n","protected":false},"author":1,"featured_media":0,"parent":0,"menu_order":0,"comment_status":"closed","ping_status":"closed","template":"","meta":{"_uag_custom_page_level_css":"","_monsterinsights_skip_tracking":false,"_monsterinsights_sitenote_active":false,"_monsterinsights_sitenote_note":"","_monsterinsights_sitenote_category":0,"site-sidebar-layout":"default","site-content-layout":"page-builder","ast-site-content-layout":"full-width-container","site-content-style":"unboxed","site-sidebar-style":"unboxed","ast-global-header-display":"","ast-banner-title-visibility":"","ast-main-header-display":"","ast-hfb-above-header-display":"","ast-hfb-below-header-display":"","ast-hfb-mobile-header-display":"","site-post-title":"disabled","ast-breadcrumbs-content":"","ast-featured-img":"","footer-sml-layout":"","ast-disable-related-posts":"","theme-transparent-header-meta":"enabled","adv-header-id-meta":"","stick-header-meta":"","header-above-stick-meta":"","header-main-stick-meta":"","header-below-stick-meta":"","astra-migrate-meta-layouts":"set","ast-page-background-enabled":"default","ast-page-background-meta":{"desktop":{"background-color":"","background-image":"","background-repeat":"repeat","background-position":"center center","background-size":"auto","background-attachment":"scroll","background-type":"","background-media":"","overlay-type":"","overlay-color":"","overlay-opacity":"","overlay-gradient":""},"tablet":{"background-color":"","background-image":"","background-repeat":"repeat","background-position":"center center","background-size":"auto","background-attachment":"scroll","background-type":"","background-media":"","overlay-type":"","overlay-color":"","overlay-opacity":"","overlay-gradient":""},"mobile":{"background-color":"","background-image":"","background-repeat":"repeat","background-position":"center center","background-size":"auto","background-attachment":"scroll","background-type":"","background-media":"","overlay-type":"","overlay-color":"","overlay-opacity":"","overlay-gradient":""}},"ast-content-background-meta":{"desktop":{"background-color":"var(--ast-global-color-5)","background-image":"","background-repeat":"repeat","background-position":"center center","background-size":"auto","background-attachment":"scroll","background-type":"","background-media":"","overlay-type":"","overlay-color":"","overlay-opacity":"","overlay-gradient":""},"tablet":{"background-color":"var(--ast-global-color-5)","background-image":"","background-repeat":"repeat","background-position":"center center","background-size":"auto","background-attachment":"scroll","background-type":"","background-media":"","overlay-type":"","overlay-color":"","overlay-opacity":"","overlay-gradient":""},"mobile":{"background-color":"var(--ast-global-color-5)","background-image":"","background-repeat":"repeat","background-position":"center center","background-size":"auto","background-attachment":"scroll","background-type":"","background-media":"","overlay-type":"","overlay-color":"","overlay-opacity":"","overlay-gradient":""}},"ngg_post_thumbnail":0,"_themeisle_gutenberg_block_has_review":false,"footnotes":""},"class_list":["post-1811","page","type-page","status-publish","hentry"],"uagb_featured_image_src":{"full":false,"thumbnail":false,"medium":false,"medium_large":false,"large":false,"1536x1536":false,"2048x2048":false},"uagb_author_info":{"display_name":"autopartner","author_link":"https:\/\/autopartnermi.sk\/author\/fark-spol"},"uagb_comment_info":0,"uagb_excerpt":"Autopartner Michalovce ADRESA \u0160portov\u00e1 23A, 071 01 Michalovce-Str\u00e1\u0148any NAV\u0160T\u00cdVTE N\u00c1S","_links":{"self":[{"href":"https:\/\/autopartnermi.sk\/index.php?rest_route=\/wp\/v2\/pages\/1811","targetHints":{"allow":["GET"]}}],"collection":[{"href":"https:\/\/autopartnermi.sk\/index.php?rest_route=\/wp\/v2\/pages"}],"about":[{"href":"https:\/\/autopartnermi.sk\/index.php?rest_route=\/wp\/v2\/types\/page"}],"author":[{"embeddable":true,"href":"https:\/\/autopartnermi.sk\/index.php?rest_route=\/wp\/v2\/users\/1"}],"replies":[{"embeddable":true,"href":"https:\/\/autopartnermi.sk\/index.php?rest_route=%2Fwp%2Fv2%2Fcomments&post=1811"}],"version-history":[{"count":5,"href":"https:\/\/autopartnermi.sk\/index.php?rest_route=\/wp\/v2\/pages\/1811\/revisions"}],"predecessor-version":[{"id":3428,"href":"https:\/\/autopartnermi.sk\/index.php?rest_route=\/wp\/v2\/pages\/1811\/revisions\/3428"}],"wp:attachment":[{"href":"https:\/\/autopartnermi.sk\/index.php?rest_route=%2Fwp%2Fv2%2Fmedia&parent=1811"}],"curies":[{"name":"wp","href":"https:\/\/api.w.org\/{rel}","templated":true}]}}